{"id":4090,"date":"2025-10-30T13:12:20","date_gmt":"2025-10-30T19:12:20","guid":{"rendered":"https:\/\/www.aserureplasticsurgery.com\/procedimientos-de-cirugia-plastica-en-miami\/procedimientos-para-la-cara\/"},"modified":"2025-11-13T08:55:42","modified_gmt":"2025-11-13T15:55:42","slug":"procedimientos-para-la-cara","status":"publish","type":"page","link":"https:\/\/www.aserureplasticsurgery.com\/es\/procedimientos-de-cirugia-plastica-en-miami\/procedimientos-para-la-cara\/","title":{"rendered":"Procedimientos para la Cara en Miami"},"content":{"rendered":"\n<div class=\"wp-block-uagb-container uagb-block-221c7aca alignfull uagb-is-root-container\"><div class=\"uagb-container-inner-blocks-wrap\">\n<div class=\"wp-block-uagb-container uagb-block-c40bc2e4 alignfull uagb-is-root-container\"><div class=\"uagb-container-inner-blocks-wrap\">\n<div class=\"wp-block-uagb-container uagb-layout-grid uagb-block-de62bb28 alignfull uagb-is-root-container\"><div class=\"uagb-container-inner-blocks-wrap\">\n<div class=\"wp-block-uagb-container uagb-layout-grid uagb-block-e094c362\">\n<div class=\"wp-block-uagb-info-box uagb-block-bfe56315 uagb-infobox__content-wrap  uagb-infobox-icon-above-title uagb-infobox-image-valign-top\"><div class=\"uagb-ifb-content\"><div class=\"uagb-ifb-title-wrap\"><\/div><p class=\"uagb-ifb-desc\">\u00bfHa querido siempre cambiar un solo aspecto de su cara? \u00bfDesear\u00eda eliminar las patas de gallo que rodean sus ojos? O quiz\u00e1 desee despedirse de esos p\u00e1rpados colgantes y de esas l\u00edneas de marioneta tan pronto como pueda. El envejecimiento es algo inevitable y eso no lo podemos negar. Sin embargo, usted puede conversar con el&nbsp;<a href=\"https:\/\/www.aserureplasticsurgery.com\/conozca-al-doctor-alan-serure-md\/?lang=es\">Dr. Alan Serure<\/a>&nbsp;de Miami, Florida sobre las opciones de rejuvenecimiento que \u00e9l puede ofrecerle para contrarrestar los efectos que la edad tiene en su rostro&nbsp;<a href=\"https:\/\/www.aserureplasticsurgery.com\/contactenos\/?lang=es\">programe su consulta con el Dr. Serure<\/a>&nbsp;y comience hoy mismo a desvanecer discretamente los a\u00f1os de su rostro y restaurar su resplandor juvenil. Haga clic sobre cualquiera de los procedimientos en la lista que sigue para aprender m\u00e1s:<\/p><\/div><\/div>\n\n\n\n<ul class=\"wp-block-list\">\n<li><a href=\"https:\/\/www.aserureplasticsurgery.com\/procedimientos-de-cirugia-plastica-en-miami\/procedimientos-para-la-cara\/levantamient-de-cejas-en-miami\/?lang=es\">Levantamiento de Cejas<\/a>&nbsp;para suavizar las l\u00edneas de la frente y reafirmar la posici\u00f3n de sus cejas ca\u00eddas para tener una apariencia m\u00e1s relajada.<\/li>\n\n\n\n<li><a href=\"https:\/\/www.aserureplasticsurgery.com\/procedimientos-de-cirugia-plastica-en-miami\/procedimientos-para-la-cara\/reduccion-de-mejillas-en-miami-fl\/?lang=es\">Reducci\u00f3n de Mejillas<\/a>&nbsp;para remediar esas \u201cmejillas de ardilla\u201d y mejorar la forma de su rostro eliminando la grasa del \u00e1rea bucal.<\/li>\n\n\n\n<li><a href=\"https:\/\/www.aserureplasticsurgery.com\/procedimientos-de-cirugia-plastica-en-miami\/procedimientos-para-la-cara\/aumento-de-la-barbilla-en-miami-fl\/?lang=es\">Aumento de la Barbilla<\/a>&nbsp;para mejorar dram\u00e1ticamente las estructuras redondeadas o hundidas del ment\u00f3n (barbilla). Le proporciona una apariencia balanceada a su rostro.<\/li>\n\n\n\n<li><a href=\"https:\/\/www.aserureplasticsurgery.com\/procedimientos-de-cirugia-plastica-en-miami\/procedimientos-para-la-cara\/cirugia-de-parpados-en-miami-fl\/?lang=es\">Cirug\u00eda de P\u00e1rpados<\/a>&nbsp;le brinda una apariencia fresca y rejuvenecida removiendo el exceso de grasa y la piel fl\u00e1cida de los p\u00e1rpados.<\/li>\n\n\n\n<li><a href=\"https:\/\/www.aserureplasticsurgery.com\/procedimientos-de-cirugia-plastica-en-miami\/procedimientos-para-la-cara\/levantamiento-facial-en-miami-fl\/?lang=es\">Levantamiento Facial<\/a>&nbsp;le ayuda a revelar un rostro y cuello m\u00e1s joven al borrar arrugas profundas, mejillas colgantes y la piel fl\u00e1cida.<\/li>\n\n\n\n<li><a href=\"https:\/\/www.aserureplasticsurgery.com\/procedimientos-de-cirugia-plastica-en-miami\/procedimientos-para-la-cara\/transferencia-de-grasa-en-miami-fl\/?lang=es\">Transferencia de Grasa<\/a>&nbsp;restaura el volumen de \u00e1reas que se han ido aflojando.<\/li>\n\n\n\n<li><a href=\"https:\/\/www.aserureplasticsurgery.com\/procedimientos-de-cirugia-plastica-en-miami\/procedimientos-para-la-cara\/mini-estiramiento-facial-en-miami-fl\/?lang=es\">Mini Estiramiento Facial<\/a>&nbsp;que es apropiado para los rostros que presentan arrugas y flacidez ligeras a moderadas en el rostro.<\/li>\n\n\n\n<li><a href=\"https:\/\/www.aserureplasticsurgery.com\/procedimientos-de-cirugia-plastica-en-miami\/procedimientos-para-la-cara\/otoplastia-en-miami-fl\/?lang=es\">Otoplastia&nbsp;<\/a>o contorneado de las orejas que se usa en pacientes con orejas protuberantes.<\/li>\n\n\n\n<li><a href=\"https:\/\/www.aserureplasticsurgery.com\/procedimientos-de-cirugia-plastica-en-miami\/procedimientos-para-la-cara\/rinoplastia-en-miami-fl\/?lang=es\">Rinoplastia<\/a>&nbsp;o contorneado nasal para mejorar la apariencia y el contorno de la nariz.<\/li>\n<\/ul>\n<\/div>\n\n\n\n<div class=\"wp-block-uagb-container uagb-block-5003216d\">\n<div class=\"wp-block-uagb-container uagb-block-44c4956d\">\n<div class=\"wp-block-uagb-image alignleft uagb-block-3f15372f wp-block-uagb-image--layout-default wp-block-uagb-image--effect-static wp-block-uagb-image--align-left uag-hide-tab\"><figure class=\"wp-block-uagb-image__figure\"><img decoding=\"async\" srcset=\"\/wp-content\/uploads\/2025\/10\/Models-03-148x222-1-1-1.jpg ,\/wp-content\/uploads\/2025\/10\/Models-03-148x222-1-1-1.jpg 780w, \/wp-content\/uploads\/2025\/10\/Models-03-148x222-1-1-1.jpg 360w\" sizes=\"auto, (max-width: 480px) 150px\" src=\"\/wp-content\/uploads\/2025\/10\/Models-03-148x222-1-1-1.jpg\" alt=\"\" class=\"uag-image-4276\" width=\"341\" height=\"353\" title=\"\" loading=\"lazy\" role=\"presentation\"\/><\/figure><\/div>\n<\/div>\n\n\n\n<div class=\"wp-block-uagb-container uagb-block-8838cfd3\">\n<div class=\"wp-block-uagb-buttons uagb-buttons__outer-wrap uagb-btn__default-btn uagb-btn-tablet__default-btn uagb-btn-mobile__default-btn uagb-block-6678f843\"><div class=\"uagb-buttons__wrap uagb-buttons-layout-wrap \">\n<div class=\"wp-block-uagb-buttons-child uagb-buttons__outer-wrap uagb-block-4f98b4d6 wp-block-button\"><div class=\"uagb-button__wrapper\"><a class=\"uagb-buttons-repeater wp-block-button__link\" aria-label=\"\" href=\"https:\/\/www.aserureplasticsurgery.com\/galeria-de-fotos-antes-y-despues\/?lang=es\" rel=\"follow noopener\" target=\"_self\" role=\"button\"><div class=\"uagb-button__link\">GALLER\u00cdA DE FOTOS<\/div><span class=\"uagb-button__icon uagb-button__icon-position-after\"><svg xmlns=\"https:\/\/www.w3.org\/2000\/svg\" viewBox=\"0 0 448 512\" aria-hidden=\"true\" focussable=\"false\"><path d=\"M438.6 278.6l-160 160C272.4 444.9 264.2 448 256 448s-16.38-3.125-22.62-9.375c-12.5-12.5-12.5-32.75 0-45.25L338.8 288H32C14.33 288 .0016 273.7 .0016 256S14.33 224 32 224h306.8l-105.4-105.4c-12.5-12.5-12.5-32.75 0-45.25s32.75-12.5 45.25 0l160 160C451.1 245.9 451.1 266.1 438.6 278.6z\"><\/path><\/svg><\/span><\/a><\/div><\/div>\n<\/div><\/div>\n<\/div>\n<\/div>\n<\/div><\/div>\n<\/div><\/div>\n<\/div><\/div>\n\n\n\n<div class=\"wp-block-uagb-container uagb-block-b9f6e136 alignfull uagb-is-root-container\"><div class=\"uagb-container-inner-blocks-wrap\">\n<p>El envejecimiento del rostro es producto de una conjugaci\u00f3n de factores como la herencia, el estilo de vida, la dieta y la salud general. Si usted prefiere un solo procedimiento o desea combinar varios procedimientos, llame al Doctor Serure hoy mismo para hablar sobre las diferentes opciones que le puede ofrecer.&nbsp;<a href=\"https:\/\/www.aserureplasticsurgery.com\/contactenos\/?lang=es\">Haga clic aqu\u00ed<\/a>&nbsp;o ll\u00e1menos al n\u00famero telef\u00f3nico&nbsp;<a href=\"tel:3056690184\">(305) 669-0184<\/a>&nbsp;para programar su consulta inicial.<\/p>\n\n\n\n<p><a href=\"https:\/\/www.aserureplasticsurgery.com\/procedimientos-de-cirugia-plastica-en-miami\/procedimientos-para-la-cara\/levantamient-de-cejas-en-miami\/?lang=es\">Levantamiento de Cejas<\/a>&nbsp;|&nbsp;<a href=\"https:\/\/www.aserureplasticsurgery.com\/procedimientos-de-cirugia-plastica-en-miami\/procedimientos-para-la-cara\/reduccion-de-mejillas-en-miami-fl\/?lang=es\">Reducci\u00f3n de Mejillas<\/a>&nbsp;|&nbsp;<a href=\"https:\/\/www.aserureplasticsurgery.com\/procedimientos-de-cirugia-plastica-en-miami\/procedimientos-para-la-cara\/aumento-de-la-barbilla-en-miami-fl\/?lang=es\">Aumento de la Barbilla<\/a>&nbsp;|&nbsp;<a href=\"https:\/\/www.aserureplasticsurgery.com\/procedimientos-de-cirugia-plastica-en-miami\/procedimientos-para-la-cara\/cirugia-de-parpados-en-miami-fl\/?lang=es\">Cirug\u00eda de P\u00e1rpados<\/a>&nbsp;|&nbsp;<a href=\"https:\/\/www.aserureplasticsurgery.com\/procedimientos-de-cirugia-plastica-en-miami\/procedimientos-para-la-cara\/levantamiento-facial-en-miami-fl\/?lang=es\">Levantamiento Facial<\/a>&nbsp;|&nbsp;<a href=\"https:\/\/www.aserureplasticsurgery.com\/procedimientos-de-cirugia-plastica-en-miami\/procedimientos-para-la-cara\/transferencia-de-grasa-en-miami-fl\/?lang=es\">Transferencia de Grasa<\/a>&nbsp;|&nbsp;<a href=\"https:\/\/www.aserureplasticsurgery.com\/procedimientos-de-cirugia-plastica-en-miami\/procedimientos-para-la-cara\/mini-estiramiento-facial-en-miami-fl\/?lang=es\">Mini Estiramiento Facial&nbsp;<\/a>| <a href=\"https:\/\/www.aserureplasticsurgery.com\/procedimientos-de-cirugia-plastica-en-miami\/procedimientos-para-la-cara\/otoplastia-en-miami-fl\/?lang=es\">Otoplastia<\/a> |&nbsp;<a href=\"https:\/\/www.aserureplasticsurgery.com\/procedimientos-de-cirugia-plastica-en-miami\/procedimientos-para-la-cara\/rinoplastia-en-miami-fl\/?lang=es\">Rinoplastia<\/a><\/p>\n<\/div><\/div>\n","protected":false},"excerpt":{"rendered":"<p>El envejecimiento del rostro es producto de una conjugaci\u00f3n de factores como la herencia, el estilo de vida, la dieta [&hellip;]<\/p>\n","protected":false},"author":35,"featured_media":3959,"parent":3960,"menu_order":0,"comment_status":"closed","ping_status":"closed","template":"","meta":{"ma_fonts_index":{"post-4090":[]},"ma_single_css":[],"_uag_custom_page_level_css":"","site-sidebar-layout":"default","site-content-layout":"","ast-site-content-layout":"default","site-content-style":"default","site-sidebar-style":"default","ast-global-header-display":"","ast-banner-title-visibility":"","ast-main-header-display":"","ast-hfb-above-header-display":"","ast-hfb-below-header-display":"","ast-hfb-mobile-header-display":"","site-post-title":"","ast-breadcrumbs-content":"","ast-featured-img":"disabled","footer-sml-layout":"","ast-disable-related-posts":"","theme-transparent-header-meta":"","adv-header-id-meta":"","stick-header-meta":"","header-above-stick-meta":"","header-main-stick-meta":"","header-below-stick-meta":"","astra-migrate-meta-layouts":"default","ast-page-background-enabled":"default","ast-page-background-meta":{"desktop":{"background-color":"var(--ast-global-color-5)","background-image":"","background-repeat":"repeat","background-position":"center center","background-size":"auto","background-attachment":"scroll","background-type":"","background-media":"","overlay-type":"","overlay-color":"","overlay-opacity":"","overlay-gradient":""},"tablet":{"background-color":"","background-image":"","background-repeat":"repeat","background-position":"center center","background-size":"auto","background-attachment":"scroll","background-type":"","background-media":"","overlay-type":"","overlay-color":"","overlay-opacity":"","overlay-gradient":""},"mobile":{"background-color":"","background-image":"","background-repeat":"repeat","background-position":"center center","background-size":"auto","background-attachment":"scroll","background-type":"","background-media":"","overlay-type":"","overlay-color":"","overlay-opacity":"","overlay-gradient":""}},"ast-content-background-meta":{"desktop":{"background-color":"var(--ast-global-color-4)","background-image":"","background-repeat":"repeat","background-position":"center center","background-size":"auto","background-attachment":"scroll","background-type":"","background-media":"","overlay-type":"","overlay-color":"","overlay-opacity":"","overlay-gradient":""},"tablet":{"background-color":"var(--ast-global-color-4)","background-image":"","background-repeat":"repeat","background-position":"center center","background-size":"auto","background-attachment":"scroll","background-type":"","background-media":"","overlay-type":"","overlay-color":"","overlay-opacity":"","overlay-gradient":""},"mobile":{"background-color":"var(--ast-global-color-4)","background-image":"","background-repeat":"repeat","background-position":"center center","background-size":"auto","background-attachment":"scroll","background-type":"","background-media":"","overlay-type":"","overlay-color":"","overlay-opacity":"","overlay-gradient":""}},"mabc_stat":0,"footnotes":""},"class_list":["post-4090","page","type-page","status-publish","has-post-thumbnail","hentry"],"spectra_custom_meta":{"ast-main-header-display":[""],"ast-hfb-above-header-display":[""],"ast-hfb-below-header-display":[""],"ast-hfb-mobile-header-display":[""],"adv-header-id-meta":[""],"footer-sml-layout":[""],"stick-header-meta":[""],"header-main-stick-meta":[""],"header-above-stick-meta":[""],"header-below-stick-meta":[""],"site-post-title":[""],"site-sidebar-layout":["default"],"site-content-layout":[""],"ast-featured-img":["disabled"],"ast-breadcrumbs-content":[""],"theme-transparent-header-meta":[""],"ast-banner-title-visibility":[""],"ast-global-header-display":[""],"ast-site-content-layout":["default"],"site-content-style":["default"],"site-sidebar-style":["default"],"_top_nav_excluded":[""],"_cms_nav_minihome":[""],"rank_math_title":["Facial Plastic Surgery | Facial Cosmetic Surgery Miami FL"],"rank_math_description":["Facial Plastic Surgery Miami FL. Board-certified plastic surgeon, Alan Serure, MD performs facelifts, nasal contouring, and more. Schedule a consultation.  "],"_thumbnail_id":["3959"],"_last_translation_edit_mode":["native-editor"],"_wpml_word_count":["457"],"_edit_lock":["1763049727:57"],"ma_fonts_index":["a:1:{s:9:\"post-4090\";a:0:{}}"],"rank_math_seo_score":["9"],"_edit_last":["57"],"mark_posts_term_id":["0"],"_wp_page_template":[""],"_wpml_media_has_media":["1"],"_uag_css_file_name":["uag-css-4090.css"],"_uag_js_file_name":["uag-js-4090.js"]},"uagb_featured_image_src":{"full":["\/wp-content\/uploads\/2025\/10\/Procedures.avif",1920,400,false],"thumbnail":["\/wp-content\/uploads\/2025\/10\/Procedures-150x31.avif",150,31,true],"medium":["\/wp-content\/uploads\/2025\/10\/Procedures-300x63.avif",300,63,true],"medium_large":["\/wp-content\/uploads\/2025\/10\/Procedures-768x160.avif",768,160,true],"large":["\/wp-content\/uploads\/2025\/10\/Procedures-1024x213.avif",1024,213,true],"1536x1536":["\/wp-content\/uploads\/2025\/10\/Procedures-1536x320.avif",1536,320,true],"2048x2048":["\/wp-content\/uploads\/2025\/10\/Procedures.avif",1920,400,false]},"uagb_author_info":{"display_name":"brandon.shaw","author_link":"https:\/\/www.aserureplasticsurgery.com\/es\/author\/brandon-shaw\/"},"uagb_comment_info":0,"uagb_excerpt":"El envejecimiento del rostro es producto de una conjugaci\u00f3n de factores como la herencia, el estilo de vida, la dieta [&hellip;]","_links":{"self":[{"href":"https:\/\/www.aserureplasticsurgery.com\/es\/wp-json\/wp\/v2\/pages\/4090","targetHints":{"allow":["GET"]}}],"collection":[{"href":"https:\/\/www.aserureplasticsurgery.com\/es\/wp-json\/wp\/v2\/pages"}],"about":[{"href":"https:\/\/www.aserureplasticsurgery.com\/es\/wp-json\/wp\/v2\/types\/page"}],"author":[{"embeddable":true,"href":"https:\/\/www.aserureplasticsurgery.com\/es\/wp-json\/wp\/v2\/users\/35"}],"replies":[{"embeddable":true,"href":"https:\/\/www.aserureplasticsurgery.com\/es\/wp-json\/wp\/v2\/comments?post=4090"}],"version-history":[{"count":0,"href":"https:\/\/www.aserureplasticsurgery.com\/es\/wp-json\/wp\/v2\/pages\/4090\/revisions"}],"up":[{"embeddable":true,"href":"https:\/\/www.aserureplasticsurgery.com\/es\/wp-json\/wp\/v2\/pages\/3960"}],"wp:featuredmedia":[{"embeddable":true,"href":"https:\/\/www.aserureplasticsurgery.com\/es\/wp-json\/wp\/v2\/media\/3959"}],"wp:attachment":[{"href":"https:\/\/www.aserureplasticsurgery.com\/es\/wp-json\/wp\/v2\/media?parent=4090"}],"curies":[{"name":"wp","href":"https:\/\/api.w.org\/{rel}","templated":true}]}}